{"id":35,"date":"2019-07-03T10:13:28","date_gmt":"2019-07-03T10:13:28","guid":{"rendered":"https:\/\/atomic-temporary-161865612.wpcomstaging.com\/?page_id=35"},"modified":"2019-07-03T10:13:28","modified_gmt":"2019-07-03T10:13:28","slug":"its-me-svend","status":"publish","type":"page","link":"https:\/\/itsmesvend.com\/index.php\/its-me-svend\/","title":{"rendered":"its me svend"},"content":{"rendered":"<p><img decoding=\"async\" width=\"1517\" height=\"881\" src=\"https:\/\/itsmesvend.home.blog\/wp-content\/uploads\/2022\/02\/fa2d1-finnmark-sept-2020-rutekort-4-transit-via-finland.jpg\" alt=\"\" loading=\"lazy\" \/>\t\t\t\t\t\t\t\t\t\t\t<\/p>\n<h2>Traveling in the North! Finnmark, Northern Norway<\/h2>\n<p><strong>Troms\u00f8. Hammerfest, Alta, Kautokeino, Kirkenes,<\/strong><br \/><strong>Pasvik, Tana, Kj\u00f8llefjord, Honningsvr\u00e5, Alta.<\/strong><\/p>\n<p><strong>Finnmark 2004, -06, -09, -11, and now 2020, 1-11 September<\/strong><\/p>\n<p>Fifth trip is son Christian and father, Svend.<br \/>See &#8220;itsmesvend&#8221; and (&#8220;itsussonandfar&#8221;)<\/p>\n<ul>\n<li>By plane<\/li>\n<li>By ferry<\/li>\n<li>With bus<\/li>\n<li>With car<\/li>\n<\/ul>\n","protected":false},"excerpt":{"rendered":"<p>Traveling in the North! Finnmark, Northern Norway Troms\u00f8. Hammerfest, Alta, Kautokeino, Kirkenes,Pasvik, Tana, Kj\u00f8llefjord, Honningsvr\u00e5, Alta. Finnmark 2004, -06, -09, [&hellip;]<\/p>\n","protected":false},"author":1,"featured_media":0,"parent":0,"menu_order":0,"comment_status":"closed","ping_status":"closed","template":"","meta":{"site-sidebar-layout":"default","site-content-layout":"default","ast-site-content-layout":"","site-content-style":"default","site-sidebar-style":"default","ast-global-header-display":"","ast-banner-title-visibility":"","ast-main-header-display":"","ast-hfb-above-header-display":"","ast-hfb-below-header-display":"","ast-hfb-mobile-header-display":"","site-post-title":"disabled","ast-breadcrumbs-content":"","ast-featured-img":"","footer-sml-layout":"","theme-transparent-header-meta":"default","adv-header-id-meta":"","stick-header-meta":"default","header-above-stick-meta":"","header-main-stick-meta":"","header-below-stick-meta":"","astra-migrate-meta-layouts":"default","ast-page-background-enabled":"default","ast-page-background-meta":{"desktop":{"background-color":"var(--ast-global-color-4)","background-image":"","background-repeat":"repeat","background-position":"center center","background-size":"auto","background-attachment":"scroll","background-type":"","background-media":"","overlay-type":"","overlay-color":"","overlay-gradient":""},"tablet":{"background-color":"","background-image":"","background-repeat":"repeat","background-position":"center center","background-size":"auto","background-attachment":"scroll","background-type":"","background-media":"","overlay-type":"","overlay-color":"","overlay-gradient":""},"mobile":{"background-color":"","background-image":"","background-repeat":"repeat","background-position":"center center","background-size":"auto","background-attachment":"scroll","background-type":"","background-media":"","overlay-type":"","overlay-color":"","overlay-gradient":""}},"ast-content-background-meta":{"desktop":{"background-color":"var(--ast-global-color-5)","background-image":"","background-repeat":"repeat","background-position":"center center","background-size":"auto","background-attachment":"scroll","background-type":"","background-media":"","overlay-type":"","overlay-color":"","overlay-gradient":""},"tablet":{"background-color":"var(--ast-global-color-5)","background-image":"","background-repeat":"repeat","background-position":"center center","background-size":"auto","background-attachment":"scroll","background-type":"","background-media":"","overlay-type":"","overlay-color":"","overlay-gradient":""},"mobile":{"background-color":"var(--ast-global-color-5)","background-image":"","background-repeat":"repeat","background-position":"center center","background-size":"auto","background-attachment":"scroll","background-type":"","background-media":"","overlay-type":"","overlay-color":"","overlay-gradient":""}},"footnotes":""},"_links":{"self":[{"href":"https:\/\/itsmesvend.com\/index.php\/wp-json\/wp\/v2\/pages\/35"}],"collection":[{"href":"https:\/\/itsmesvend.com\/index.php\/wp-json\/wp\/v2\/pages"}],"about":[{"href":"https:\/\/itsmesvend.com\/index.php\/wp-json\/wp\/v2\/types\/page"}],"author":[{"embeddable":true,"href":"https:\/\/itsmesvend.com\/index.php\/wp-json\/wp\/v2\/users\/1"}],"replies":[{"embeddable":true,"href":"https:\/\/itsmesvend.com\/index.php\/wp-json\/wp\/v2\/comments?post=35"}],"version-history":[{"count":0,"href":"https:\/\/itsmesvend.com\/index.php\/wp-json\/wp\/v2\/pages\/35\/revisions"}],"wp:attachment":[{"href":"https:\/\/itsmesvend.com\/index.php\/wp-json\/wp\/v2\/media?parent=35"}],"curies":[{"name":"wp","href":"https:\/\/api.w.org\/{rel}","templated":true}]}}